{"id":22,"date":"2023-08-09T15:08:37","date_gmt":"2023-08-09T15:08:37","guid":{"rendered":"https:\/\/www.manipuladoralimentosonlineandorra.com\/?page_id=22"},"modified":"2023-08-16T08:23:34","modified_gmt":"2023-08-16T08:23:34","slug":"curso","status":"publish","type":"page","link":"https:\/\/www.manipuladoralimentosonlineandorra.com\/index.php\/curso\/","title":{"rendered":"Curso"},"content":{"rendered":"<p>[et_pb_section fb_built=&#8221;1&#8243; admin_label=&#8221;Hero section&#8221; _builder_version=&#8221;4.21.2&#8243; use_background_color_gradient=&#8221;on&#8221; background_color_gradient_direction=&#8221;181deg&#8221; background_color_gradient_stops=&#8221;rgba(62,65,120,0.83) 0%|#3e4178 100%&#8221; background_color_gradient_overlays_image=&#8221;on&#8221; background_color_gradient_start=&#8221;rgba(150,105,97,0.67)&#8221; background_color_gradient_end=&#8221;rgba(2,0,76,0.84)&#8221; background_image=&#8221;https:\/\/www.manipuladoralimentosonlineandorra.com\/wp-content\/uploads\/2023\/08\/restaurant-2623071_1280.png&#8221; background_position=&#8221;top_center&#8221; custom_margin=&#8221;|||&#8221; custom_padding=&#8221;1.6%||3%||false|false&#8221; global_colors_info=&#8221;{}&#8221;][et_pb_row _builder_version=&#8221;4.21.2&#8243; custom_margin=&#8221;|||&#8221; custom_padding=&#8221;47px||10px|||&#8221; global_colors_info=&#8221;{}&#8221;][et_pb_column type=&#8221;4_4&#8243; _builder_version=&#8221;4.16&#8243; custom_padding=&#8221;1px|||&#8221; global_colors_info=&#8221;{}&#8221; custom_padding__hover=&#8221;|||&#8221;][et_pb_text _builder_version=&#8221;4.21.2&#8243; _module_preset=&#8221;default&#8221; header_font=&#8221;Lato|900||on|||||&#8221; header_text_align=&#8221;center&#8221; header_text_color=&#8221;#FFFFFF&#8221; header_font_size=&#8221;48px&#8221; global_colors_info=&#8221;{}&#8221;]<\/p>\n<h1>Curso de Formaci\u00f3n de<\/h1>\n<h1>Manipuladores de Alimentos Online<\/h1>\n<p>[\/et_pb_text][et_pb_text _builder_version=&#8221;4.21.2&#8243; _module_preset=&#8221;default&#8221; text_text_color=&#8221;#FFFFFF&#8221; text_font_size=&#8221;16px&#8221; text_line_height=&#8221;1.5em&#8221; text_orientation=&#8221;center&#8221; global_colors_info=&#8221;{}&#8221;]<\/p>\n<p>Curso en el que descubrir\u00e1s <span>buenas pr\u00e1cticas para la manipulaci\u00f3n higi\u00e9nica de los alimentos; <\/span><\/p>\n<p><span>de manera que sean seguros para la salud de los consumidores.<\/span><\/p>\n<p>Curso disponible en dos idiomas. Escoge el que m\u00e1s te interese y descubre toda la informaci\u00f3n:<span><\/span><\/p>\n<p><span><\/span><\/p>\n<p>[\/et_pb_text][\/et_pb_column][\/et_pb_row][\/et_pb_section][et_pb_section fb_built=&#8221;1&#8243; _builder_version=&#8221;4.21.2&#8243; _module_preset=&#8221;default&#8221; global_colors_info=&#8221;{}&#8221;][et_pb_row column_structure=&#8221;1_2,1_2&#8243; _builder_version=&#8221;4.21.2&#8243; _module_preset=&#8221;default&#8221; background_color=&#8221;#FFFFFF&#8221; width=&#8221;59%&#8221; custom_margin=&#8221;-120px|auto||auto||&#8221; border_radii=&#8221;on|8px|8px|8px|8px&#8221; box_shadow_style=&#8221;preset3&#8243; global_colors_info=&#8221;{}&#8221;][et_pb_column type=&#8221;1_2&#8243; _builder_version=&#8221;4.21.2&#8243; _module_preset=&#8221;default&#8221; custom_padding=&#8221;|0px|0px|0px|false|false&#8221; global_colors_info=&#8221;{}&#8221;][et_pb_blurb image=&#8221;https:\/\/www.manipuladoralimentosonlineandorra.com\/wp-content\/uploads\/2023\/08\/cast.png&#8221; image_icon_width=&#8221;64%&#8221; _builder_version=&#8221;4.21.2&#8243; _module_preset=&#8221;default&#8221; header_font=&#8221;Lato||||||||&#8221; header_font_size=&#8221;17px&#8221; body_font=&#8221;Lato|700|||||||&#8221; body_font_size=&#8221;16px&#8221; body_line_height=&#8221;0.4em&#8221; text_orientation=&#8221;center&#8221; border_radii_image=&#8221;on|16px|16px|16px|16px&#8221; global_colors_info=&#8221;{}&#8221;]<\/p>\n<p>Curso de Formaci\u00f3n de<\/p>\n<p>Manipuladores de Alimentos Online<\/p>\n<p>[\/et_pb_blurb][et_pb_button button_text=&#8221;M\u00e1s informaci\u00f3n&#8221; button_alignment=&#8221;center&#8221; _builder_version=&#8221;4.21.2&#8243; _module_preset=&#8221;default&#8221; custom_button=&#8221;on&#8221; button_text_size=&#8221;16px&#8221; button_text_color=&#8221;#FFFFFF&#8221; button_bg_color=&#8221;#3e4178&#8243; button_border_width=&#8221;0px&#8221; button_border_radius=&#8221;12px&#8221; custom_margin=&#8221;-9px||||false|false&#8221; hover_enabled=&#8221;0&#8243; global_colors_info=&#8221;{}&#8221; button_url=&#8221;https:\/\/www.manipuladoralimentosonlineandorra.com\/index.php\/curso-formacion-manipuladores-alimentos-online\/&#8221; sticky_enabled=&#8221;0&#8243;][\/et_pb_button][\/et_pb_column][et_pb_column type=&#8221;1_2&#8243; _builder_version=&#8221;4.21.2&#8243; _module_preset=&#8221;default&#8221; global_colors_info=&#8221;{}&#8221;][et_pb_blurb image=&#8221;https:\/\/www.manipuladoralimentosonlineandorra.com\/wp-content\/uploads\/2023\/08\/cat-web-1.png&#8221; alt=&#8221;Curs de Formaci\u00f3 de Manipuladors d&#8217;Aliments Online&#8221; image_icon_width=&#8221;64%&#8221; _builder_version=&#8221;4.21.2&#8243; _module_preset=&#8221;default&#8221; header_font=&#8221;Lato||||||||&#8221; header_font_size=&#8221;17px&#8221; body_font=&#8221;Lato|700|||||||&#8221; body_font_size=&#8221;16px&#8221; body_line_height=&#8221;0.4em&#8221; text_orientation=&#8221;center&#8221; border_radii_image=&#8221;on|16px|16px|16px|16px&#8221; global_colors_info=&#8221;{}&#8221;]<\/p>\n<p>Curs de Formaci\u00f3 de<\/p>\n<p>Manipuladors d&#8217;Aliments Online<\/p>\n<p>[\/et_pb_blurb][et_pb_button button_text=&#8221;M\u00e9s informaci\u00f3&#8221; button_alignment=&#8221;center&#8221; _builder_version=&#8221;4.21.2&#8243; _module_preset=&#8221;default&#8221; custom_button=&#8221;on&#8221; button_text_size=&#8221;16px&#8221; button_text_color=&#8221;#FFFFFF&#8221; button_bg_color=&#8221;#3e4178&#8243; button_border_width=&#8221;0px&#8221; button_border_radius=&#8221;12px&#8221; custom_margin=&#8221;-9px||||false|false&#8221; hover_enabled=&#8221;0&#8243; global_colors_info=&#8221;{}&#8221; button_url=&#8221;https:\/\/www.manipuladoralimentosonlineandorra.com\/index.php\/curs-formacio-manipuladors-aliments-online\/&#8221; sticky_enabled=&#8221;0&#8243;][\/et_pb_button][\/et_pb_column][\/et_pb_row][\/et_pb_section]<\/p>\n","protected":false},"excerpt":{"rendered":"<p>Curso de Formaci\u00f3n de Manipuladores de Alimentos OnlineCurso en el que descubrir\u00e1s buenas pr\u00e1cticas para la manipulaci\u00f3n higi\u00e9nica de los alimentos; de manera que sean seguros para la salud de los consumidores. Curso disponible en dos idiomas. Escoge el que m\u00e1s te interese y descubre toda la informaci\u00f3n: Curso de Formaci\u00f3n de Manipuladores de Alimentos [&hellip;]<\/p>\n","protected":false},"author":1,"featured_media":0,"parent":0,"menu_order":0,"comment_status":"closed","ping_status":"closed","template":"","meta":{"_et_pb_use_builder":"on","_et_pb_old_content":"","_et_gb_content_width":"","footnotes":""},"class_list":["post-22","page","type-page","status-publish","hentry"],"yoast_head":"<!-- This site is optimized with the Yoast SEO plugin v20.13 - https:\/\/yoast.com\/wordpress\/plugins\/seo\/ -->\n<title>Curso - Manipulador de alimentos Online<\/title>\n<meta name=\"robots\" content=\"index, follow, max-snippet:-1, max-image-preview:large, max-video-preview:-1\" \/>\n<link rel=\"canonical\" href=\"https:\/\/www.manipuladoralimentosonlineandorra.com\/index.php\/curso\/\" \/>\n<meta property=\"og:locale\" content=\"es_ES\" \/>\n<meta property=\"og:type\" content=\"article\" \/>\n<meta property=\"og:title\" content=\"Curso - Manipulador de alimentos Online\" \/>\n<meta property=\"og:description\" content=\"Curso de Formaci\u00f3n de Manipuladores de Alimentos OnlineCurso en el que descubrir\u00e1s buenas pr\u00e1cticas para la manipulaci\u00f3n higi\u00e9nica de los alimentos; de manera que sean seguros para la salud de los consumidores. Curso disponible en dos idiomas. Escoge el que m\u00e1s te interese y descubre toda la informaci\u00f3n: Curso de Formaci\u00f3n de Manipuladores de Alimentos [&hellip;]\" \/>\n<meta property=\"og:url\" content=\"https:\/\/www.manipuladoralimentosonlineandorra.com\/index.php\/curso\/\" \/>\n<meta property=\"og:site_name\" content=\"Manipulador de alimentos Online\" \/>\n<meta property=\"article:modified_time\" content=\"2023-08-16T08:23:34+00:00\" \/>\n<meta name=\"twitter:card\" content=\"summary_large_image\" \/>\n<meta name=\"twitter:label1\" content=\"Tiempo de lectura\" \/>\n\t<meta name=\"twitter:data1\" content=\"3 minutos\" \/>\n<script type=\"application\/ld+json\" class=\"yoast-schema-graph\">{\"@context\":\"https:\/\/schema.org\",\"@graph\":[{\"@type\":\"WebPage\",\"@id\":\"https:\/\/www.manipuladoralimentosonlineandorra.com\/index.php\/curso\/\",\"url\":\"https:\/\/www.manipuladoralimentosonlineandorra.com\/index.php\/curso\/\",\"name\":\"Curso - Manipulador de alimentos Online\",\"isPartOf\":{\"@id\":\"https:\/\/www.manipuladoralimentosonlineandorra.com\/#website\"},\"datePublished\":\"2023-08-09T15:08:37+00:00\",\"dateModified\":\"2023-08-16T08:23:34+00:00\",\"breadcrumb\":{\"@id\":\"https:\/\/www.manipuladoralimentosonlineandorra.com\/index.php\/curso\/#breadcrumb\"},\"inLanguage\":\"es\",\"potentialAction\":[{\"@type\":\"ReadAction\",\"target\":[\"https:\/\/www.manipuladoralimentosonlineandorra.com\/index.php\/curso\/\"]}]},{\"@type\":\"BreadcrumbList\",\"@id\":\"https:\/\/www.manipuladoralimentosonlineandorra.com\/index.php\/curso\/#breadcrumb\",\"itemListElement\":[{\"@type\":\"ListItem\",\"position\":1,\"name\":\"Portada\",\"item\":\"https:\/\/www.manipuladoralimentosonlineandorra.com\/\"},{\"@type\":\"ListItem\",\"position\":2,\"name\":\"Curso\"}]},{\"@type\":\"WebSite\",\"@id\":\"https:\/\/www.manipuladoralimentosonlineandorra.com\/#website\",\"url\":\"https:\/\/www.manipuladoralimentosonlineandorra.com\/\",\"name\":\"Manipulador de alimentos Online\",\"description\":\"Cursos online\",\"publisher\":{\"@id\":\"https:\/\/www.manipuladoralimentosonlineandorra.com\/#organization\"},\"potentialAction\":[{\"@type\":\"SearchAction\",\"target\":{\"@type\":\"EntryPoint\",\"urlTemplate\":\"https:\/\/www.manipuladoralimentosonlineandorra.com\/?s={search_term_string}\"},\"query-input\":\"required name=search_term_string\"}],\"inLanguage\":\"es\"},{\"@type\":\"Organization\",\"@id\":\"https:\/\/www.manipuladoralimentosonlineandorra.com\/#organization\",\"name\":\"Biotop\",\"url\":\"https:\/\/www.manipuladoralimentosonlineandorra.com\/\",\"logo\":{\"@type\":\"ImageObject\",\"inLanguage\":\"es\",\"@id\":\"https:\/\/www.manipuladoralimentosonlineandorra.com\/#\/schema\/logo\/image\/\",\"url\":\"https:\/\/www.manipuladoralimentosonlineandorra.com\/wp-content\/uploads\/2023\/08\/cropped-logo.png\",\"contentUrl\":\"https:\/\/www.manipuladoralimentosonlineandorra.com\/wp-content\/uploads\/2023\/08\/cropped-logo.png\",\"width\":512,\"height\":512,\"caption\":\"Biotop\"},\"image\":{\"@id\":\"https:\/\/www.manipuladoralimentosonlineandorra.com\/#\/schema\/logo\/image\/\"}}]}<\/script>\n<!-- \/ Yoast SEO plugin. -->","yoast_head_json":{"title":"Curso - Manipulador de alimentos Online","robots":{"index":"index","follow":"follow","max-snippet":"max-snippet:-1","max-image-preview":"max-image-preview:large","max-video-preview":"max-video-preview:-1"},"canonical":"https:\/\/www.manipuladoralimentosonlineandorra.com\/index.php\/curso\/","og_locale":"es_ES","og_type":"article","og_title":"Curso - Manipulador de alimentos Online","og_description":"Curso de Formaci\u00f3n de Manipuladores de Alimentos OnlineCurso en el que descubrir\u00e1s buenas pr\u00e1cticas para la manipulaci\u00f3n higi\u00e9nica de los alimentos; de manera que sean seguros para la salud de los consumidores. Curso disponible en dos idiomas. Escoge el que m\u00e1s te interese y descubre toda la informaci\u00f3n: Curso de Formaci\u00f3n de Manipuladores de Alimentos [&hellip;]","og_url":"https:\/\/www.manipuladoralimentosonlineandorra.com\/index.php\/curso\/","og_site_name":"Manipulador de alimentos Online","article_modified_time":"2023-08-16T08:23:34+00:00","twitter_card":"summary_large_image","twitter_misc":{"Tiempo de lectura":"3 minutos"},"schema":{"@context":"https:\/\/schema.org","@graph":[{"@type":"WebPage","@id":"https:\/\/www.manipuladoralimentosonlineandorra.com\/index.php\/curso\/","url":"https:\/\/www.manipuladoralimentosonlineandorra.com\/index.php\/curso\/","name":"Curso - Manipulador de alimentos Online","isPartOf":{"@id":"https:\/\/www.manipuladoralimentosonlineandorra.com\/#website"},"datePublished":"2023-08-09T15:08:37+00:00","dateModified":"2023-08-16T08:23:34+00:00","breadcrumb":{"@id":"https:\/\/www.manipuladoralimentosonlineandorra.com\/index.php\/curso\/#breadcrumb"},"inLanguage":"es","potentialAction":[{"@type":"ReadAction","target":["https:\/\/www.manipuladoralimentosonlineandorra.com\/index.php\/curso\/"]}]},{"@type":"BreadcrumbList","@id":"https:\/\/www.manipuladoralimentosonlineandorra.com\/index.php\/curso\/#breadcrumb","itemListElement":[{"@type":"ListItem","position":1,"name":"Portada","item":"https:\/\/www.manipuladoralimentosonlineandorra.com\/"},{"@type":"ListItem","position":2,"name":"Curso"}]},{"@type":"WebSite","@id":"https:\/\/www.manipuladoralimentosonlineandorra.com\/#website","url":"https:\/\/www.manipuladoralimentosonlineandorra.com\/","name":"Manipulador de alimentos Online","description":"Cursos online","publisher":{"@id":"https:\/\/www.manipuladoralimentosonlineandorra.com\/#organization"},"potentialAction":[{"@type":"SearchAction","target":{"@type":"EntryPoint","urlTemplate":"https:\/\/www.manipuladoralimentosonlineandorra.com\/?s={search_term_string}"},"query-input":"required name=search_term_string"}],"inLanguage":"es"},{"@type":"Organization","@id":"https:\/\/www.manipuladoralimentosonlineandorra.com\/#organization","name":"Biotop","url":"https:\/\/www.manipuladoralimentosonlineandorra.com\/","logo":{"@type":"ImageObject","inLanguage":"es","@id":"https:\/\/www.manipuladoralimentosonlineandorra.com\/#\/schema\/logo\/image\/","url":"https:\/\/www.manipuladoralimentosonlineandorra.com\/wp-content\/uploads\/2023\/08\/cropped-logo.png","contentUrl":"https:\/\/www.manipuladoralimentosonlineandorra.com\/wp-content\/uploads\/2023\/08\/cropped-logo.png","width":512,"height":512,"caption":"Biotop"},"image":{"@id":"https:\/\/www.manipuladoralimentosonlineandorra.com\/#\/schema\/logo\/image\/"}}]}},"_links":{"self":[{"href":"https:\/\/www.manipuladoralimentosonlineandorra.com\/index.php\/wp-json\/wp\/v2\/pages\/22","targetHints":{"allow":["GET"]}}],"collection":[{"href":"https:\/\/www.manipuladoralimentosonlineandorra.com\/index.php\/wp-json\/wp\/v2\/pages"}],"about":[{"href":"https:\/\/www.manipuladoralimentosonlineandorra.com\/index.php\/wp-json\/wp\/v2\/types\/page"}],"author":[{"embeddable":true,"href":"https:\/\/www.manipuladoralimentosonlineandorra.com\/index.php\/wp-json\/wp\/v2\/users\/1"}],"replies":[{"embeddable":true,"href":"https:\/\/www.manipuladoralimentosonlineandorra.com\/index.php\/wp-json\/wp\/v2\/comments?post=22"}],"version-history":[{"count":6,"href":"https:\/\/www.manipuladoralimentosonlineandorra.com\/index.php\/wp-json\/wp\/v2\/pages\/22\/revisions"}],"predecessor-version":[{"id":168,"href":"https:\/\/www.manipuladoralimentosonlineandorra.com\/index.php\/wp-json\/wp\/v2\/pages\/22\/revisions\/168"}],"wp:attachment":[{"href":"https:\/\/www.manipuladoralimentosonlineandorra.com\/index.php\/wp-json\/wp\/v2\/media?parent=22"}],"curies":[{"name":"wp","href":"https:\/\/api.w.org\/{rel}","templated":true}]}}